{"id":4528,"date":"2024-12-31T15:31:27","date_gmt":"2024-12-31T12:31:27","guid":{"rendered":"https:\/\/www.atikotomotiv.com.tr\/index.php\/2024\/12\/31\/atk-238\/"},"modified":"2025-01-20T21:31:09","modified_gmt":"2025-01-20T18:31:09","slug":"atk-238","status":"publish","type":"product","link":"https:\/\/www.atikotomotiv.com.tr\/index.php\/product\/atk-238\/","title":{"rendered":"ATK 238"},"content":{"rendered":"","protected":false},"excerpt":{"rendered":"<p>\u00dcr\u00fcn Ad\u0131\/Product Name: T12 | T15 UPPER COOLANT TUBE<br \/>\nUyumlu Marka: FORD<br \/>\nUyumlu Model: \/ 1991 &#8211; 2000<br \/>\nUyumlu Motor: L \/ 69 &#8211; 116hp \/ 51 &#8211; 85kw<br \/>\nBarkod No: 1028450238<br \/>\nOEM: 954F9N271AA<\/p>\n","protected":false},"featured_media":5514,"comment_status":"closed","ping_status":"closed","template":"","meta":[],"product_brand":[],"product_cat":[141],"product_tag":[],"class_list":{"0":"post-4528","1":"product","2":"type-product","3":"status-publish","4":"has-post-thumbnail","6":"product_cat-ford","8":"first","9":"instock","10":"shipping-taxable","11":"product-type-simple"},"_links":{"self":[{"href":"https:\/\/www.atikotomotiv.com.tr\/index.php\/wp-json\/wp\/v2\/product\/4528","targetHints":{"allow":["GET"]}}],"collection":[{"href":"https:\/\/www.atikotomotiv.com.tr\/index.php\/wp-json\/wp\/v2\/product"}],"about":[{"href":"https:\/\/www.atikotomotiv.com.tr\/index.php\/wp-json\/wp\/v2\/types\/product"}],"replies":[{"embeddable":true,"href":"https:\/\/www.atikotomotiv.com.tr\/index.php\/wp-json\/wp\/v2\/comments?post=4528"}],"version-history":[{"count":2,"href":"https:\/\/www.atikotomotiv.com.tr\/index.php\/wp-json\/wp\/v2\/product\/4528\/revisions"}],"predecessor-version":[{"id":5518,"href":"https:\/\/www.atikotomotiv.com.tr\/index.php\/wp-json\/wp\/v2\/product\/4528\/revisions\/5518"}],"wp:featuredmedia":[{"embeddable":true,"href":"https:\/\/www.atikotomotiv.com.tr\/index.php\/wp-json\/wp\/v2\/media\/5514"}],"wp:attachment":[{"href":"https:\/\/www.atikotomotiv.com.tr\/index.php\/wp-json\/wp\/v2\/media?parent=4528"}],"wp:term":[{"taxonomy":"product_brand","embeddable":true,"href":"https:\/\/www.atikotomotiv.com.tr\/index.php\/wp-json\/wp\/v2\/product_brand?post=4528"},{"taxonomy":"product_cat","embeddable":true,"href":"https:\/\/www.atikotomotiv.com.tr\/index.php\/wp-json\/wp\/v2\/product_cat?post=4528"},{"taxonomy":"product_tag","embeddable":true,"href":"https:\/\/www.atikotomotiv.com.tr\/index.php\/wp-json\/wp\/v2\/product_tag?post=4528"}],"curies":[{"name":"wp","href":"https:\/\/api.w.org\/{rel}","templated":true}]}}