{"id":4506,"date":"2024-12-31T15:31:25","date_gmt":"2024-12-31T12:31:25","guid":{"rendered":"https:\/\/www.atikotomotiv.com.tr\/index.php\/2024\/12\/31\/atk-216\/"},"modified":"2025-01-29T20:37:25","modified_gmt":"2025-01-29T17:37:25","slug":"atk-216","status":"publish","type":"product","link":"https:\/\/www.atikotomotiv.com.tr\/index.php\/product\/atk-216\/","title":{"rendered":"ATK 216"},"content":{"rendered":"","protected":false},"excerpt":{"rendered":"<p>\u00dcr\u00fcn Ad\u0131\/Product Name: ACCENT 03-06 COOLANT TUBE<br \/>\nUyumlu Marka: HYUNDAI<br \/>\nUyumlu Model: \/ 2000 &#8211; 2005<br \/>\nUyumlu Motor: L \/ 75 &#8211; 90hp \/ 55 &#8211; 66kw<br \/>\nBarkod No: 1028450216<br \/>\nOEM: 25461-22601<\/p>\n","protected":false},"featured_media":5969,"comment_status":"closed","ping_status":"closed","template":"","meta":[],"product_brand":[],"product_cat":[129],"product_tag":[],"class_list":{"0":"post-4506","1":"product","2":"type-product","3":"status-publish","4":"has-post-thumbnail","6":"product_cat-hyundai","8":"first","9":"instock","10":"shipping-taxable","11":"product-type-simple"},"_links":{"self":[{"href":"https:\/\/www.atikotomotiv.com.tr\/index.php\/wp-json\/wp\/v2\/product\/4506","targetHints":{"allow":["GET"]}}],"collection":[{"href":"https:\/\/www.atikotomotiv.com.tr\/index.php\/wp-json\/wp\/v2\/product"}],"about":[{"href":"https:\/\/www.atikotomotiv.com.tr\/index.php\/wp-json\/wp\/v2\/types\/product"}],"replies":[{"embeddable":true,"href":"https:\/\/www.atikotomotiv.com.tr\/index.php\/wp-json\/wp\/v2\/comments?post=4506"}],"version-history":[{"count":2,"href":"https:\/\/www.atikotomotiv.com.tr\/index.php\/wp-json\/wp\/v2\/product\/4506\/revisions"}],"predecessor-version":[{"id":5391,"href":"https:\/\/www.atikotomotiv.com.tr\/index.php\/wp-json\/wp\/v2\/product\/4506\/revisions\/5391"}],"wp:featuredmedia":[{"embeddable":true,"href":"https:\/\/www.atikotomotiv.com.tr\/index.php\/wp-json\/wp\/v2\/media\/5969"}],"wp:attachment":[{"href":"https:\/\/www.atikotomotiv.com.tr\/index.php\/wp-json\/wp\/v2\/media?parent=4506"}],"wp:term":[{"taxonomy":"product_brand","embeddable":true,"href":"https:\/\/www.atikotomotiv.com.tr\/index.php\/wp-json\/wp\/v2\/product_brand?post=4506"},{"taxonomy":"product_cat","embeddable":true,"href":"https:\/\/www.atikotomotiv.com.tr\/index.php\/wp-json\/wp\/v2\/product_cat?post=4506"},{"taxonomy":"product_tag","embeddable":true,"href":"https:\/\/www.atikotomotiv.com.tr\/index.php\/wp-json\/wp\/v2\/product_tag?post=4506"}],"curies":[{"name":"wp","href":"https:\/\/api.w.org\/{rel}","templated":true}]}}