{"id":4481,"date":"2024-12-31T15:31:22","date_gmt":"2024-12-31T12:31:22","guid":{"rendered":"https:\/\/www.atikotomotiv.com.tr\/index.php\/2024\/12\/31\/atk-191\/"},"modified":"2025-01-29T20:24:07","modified_gmt":"2025-01-29T17:24:07","slug":"atk-191","status":"publish","type":"product","link":"https:\/\/www.atikotomotiv.com.tr\/index.php\/product\/atk-191\/","title":{"rendered":"ATK 191"},"content":{"rendered":"","protected":false},"excerpt":{"rendered":"<p>\u00dcr\u00fcn Ad\u0131\/Product Name: DOBLO | LINEA 1.6 EXHAUST EMISSION PIPE<br \/>\nUyumlu Marka: FIAT<br \/>\nUyumlu Model: \/ 2006 &#8211; 2014<br \/>\nUyumlu Motor: L \/ 107 &#8211; 135hp \/ 79 &#8211; 99kw<br \/>\nBarkod No: 1028450191<br \/>\nOEM: 55248386<\/p>\n","protected":false},"featured_media":5944,"comment_status":"closed","ping_status":"closed","template":"","meta":[],"product_brand":[],"product_cat":[120],"product_tag":[],"class_list":{"0":"post-4481","1":"product","2":"type-product","3":"status-publish","4":"has-post-thumbnail","6":"product_cat-fiat","8":"first","9":"instock","10":"shipping-taxable","11":"product-type-simple"},"_links":{"self":[{"href":"https:\/\/www.atikotomotiv.com.tr\/index.php\/wp-json\/wp\/v2\/product\/4481","targetHints":{"allow":["GET"]}}],"collection":[{"href":"https:\/\/www.atikotomotiv.com.tr\/index.php\/wp-json\/wp\/v2\/product"}],"about":[{"href":"https:\/\/www.atikotomotiv.com.tr\/index.php\/wp-json\/wp\/v2\/types\/product"}],"replies":[{"embeddable":true,"href":"https:\/\/www.atikotomotiv.com.tr\/index.php\/wp-json\/wp\/v2\/comments?post=4481"}],"version-history":[{"count":2,"href":"https:\/\/www.atikotomotiv.com.tr\/index.php\/wp-json\/wp\/v2\/product\/4481\/revisions"}],"predecessor-version":[{"id":5245,"href":"https:\/\/www.atikotomotiv.com.tr\/index.php\/wp-json\/wp\/v2\/product\/4481\/revisions\/5245"}],"wp:featuredmedia":[{"embeddable":true,"href":"https:\/\/www.atikotomotiv.com.tr\/index.php\/wp-json\/wp\/v2\/media\/5944"}],"wp:attachment":[{"href":"https:\/\/www.atikotomotiv.com.tr\/index.php\/wp-json\/wp\/v2\/media?parent=4481"}],"wp:term":[{"taxonomy":"product_brand","embeddable":true,"href":"https:\/\/www.atikotomotiv.com.tr\/index.php\/wp-json\/wp\/v2\/product_brand?post=4481"},{"taxonomy":"product_cat","embeddable":true,"href":"https:\/\/www.atikotomotiv.com.tr\/index.php\/wp-json\/wp\/v2\/product_cat?post=4481"},{"taxonomy":"product_tag","embeddable":true,"href":"https:\/\/www.atikotomotiv.com.tr\/index.php\/wp-json\/wp\/v2\/product_tag?post=4481"}],"curies":[{"name":"wp","href":"https:\/\/api.w.org\/{rel}","templated":true}]}}