{"id":4456,"date":"2024-12-31T15:31:16","date_gmt":"2024-12-31T12:31:16","guid":{"rendered":"https:\/\/www.atikotomotiv.com.tr\/index.php\/2024\/12\/31\/atk-160\/"},"modified":"2025-01-27T22:21:35","modified_gmt":"2025-01-27T19:21:35","slug":"atk-160","status":"publish","type":"product","link":"https:\/\/www.atikotomotiv.com.tr\/index.php\/product\/atk-160\/","title":{"rendered":"ATK 160"},"content":{"rendered":"","protected":false},"excerpt":{"rendered":"<p>\u00dcr\u00fcn Ad\u0131\/Product Name: EXPRESS COOLANT PIPE<br \/>\nUyumlu Marka: RENAULT<br \/>\nUyumlu Model: \/ 1985 &#8211; 1998<br \/>\nUyumlu Motor: L \/ 37 &#8211; 147hp \/ 27 &#8211; 108kw<br \/>\nBarkod No: 1028450160<br \/>\nOEM: 7700859465 \/ 7700855742 \/ 7700850116 \/ 7700859759<\/p>\n","protected":false},"featured_media":5100,"comment_status":"closed","ping_status":"closed","template":"","meta":[],"product_brand":[],"product_cat":[124],"product_tag":[],"class_list":{"0":"post-4456","1":"product","2":"type-product","3":"status-publish","4":"has-post-thumbnail","6":"product_cat-renault","8":"first","9":"instock","10":"shipping-taxable","11":"product-type-simple"},"_links":{"self":[{"href":"https:\/\/www.atikotomotiv.com.tr\/index.php\/wp-json\/wp\/v2\/product\/4456","targetHints":{"allow":["GET"]}}],"collection":[{"href":"https:\/\/www.atikotomotiv.com.tr\/index.php\/wp-json\/wp\/v2\/product"}],"about":[{"href":"https:\/\/www.atikotomotiv.com.tr\/index.php\/wp-json\/wp\/v2\/types\/product"}],"replies":[{"embeddable":true,"href":"https:\/\/www.atikotomotiv.com.tr\/index.php\/wp-json\/wp\/v2\/comments?post=4456"}],"version-history":[{"count":1,"href":"https:\/\/www.atikotomotiv.com.tr\/index.php\/wp-json\/wp\/v2\/product\/4456\/revisions"}],"predecessor-version":[{"id":5103,"href":"https:\/\/www.atikotomotiv.com.tr\/index.php\/wp-json\/wp\/v2\/product\/4456\/revisions\/5103"}],"wp:featuredmedia":[{"embeddable":true,"href":"https:\/\/www.atikotomotiv.com.tr\/index.php\/wp-json\/wp\/v2\/media\/5100"}],"wp:attachment":[{"href":"https:\/\/www.atikotomotiv.com.tr\/index.php\/wp-json\/wp\/v2\/media?parent=4456"}],"wp:term":[{"taxonomy":"product_brand","embeddable":true,"href":"https:\/\/www.atikotomotiv.com.tr\/index.php\/wp-json\/wp\/v2\/product_brand?post=4456"},{"taxonomy":"product_cat","embeddable":true,"href":"https:\/\/www.atikotomotiv.com.tr\/index.php\/wp-json\/wp\/v2\/product_cat?post=4456"},{"taxonomy":"product_tag","embeddable":true,"href":"https:\/\/www.atikotomotiv.com.tr\/index.php\/wp-json\/wp\/v2\/product_tag?post=4456"}],"curies":[{"name":"wp","href":"https:\/\/api.w.org\/{rel}","templated":true}]}}