{"id":4432,"date":"2024-12-31T15:31:14","date_gmt":"2024-12-31T12:31:14","guid":{"rendered":"https:\/\/www.atikotomotiv.com.tr\/index.php\/2024\/12\/31\/atk-136\/"},"modified":"2025-01-27T21:31:22","modified_gmt":"2025-01-27T18:31:22","slug":"atk-136","status":"publish","type":"product","link":"https:\/\/www.atikotomotiv.com.tr\/index.php\/product\/atk-136\/","title":{"rendered":"ATK 136"},"content":{"rendered":"","protected":false},"excerpt":{"rendered":"<p>\u00dcr\u00fcn Ad\u0131\/Product Name: PALIO COOLANT PIPE<br \/>\nUyumlu Marka: FIAT<br \/>\nUyumlu Model: \/ 1996 &#8211; 2005<br \/>\nUyumlu Motor: L \/ 68 &#8211; 100hp \/ 50 &#8211; 74kw<br \/>\nBarkod No: 1028450136<br \/>\nOEM: 46741231<\/p>\n","protected":false},"featured_media":5898,"comment_status":"closed","ping_status":"closed","template":"","meta":[],"product_brand":[],"product_cat":[120],"product_tag":[],"class_list":{"0":"post-4432","1":"product","2":"type-product","3":"status-publish","4":"has-post-thumbnail","6":"product_cat-fiat","8":"first","9":"instock","10":"shipping-taxable","11":"product-type-simple"},"_links":{"self":[{"href":"https:\/\/www.atikotomotiv.com.tr\/index.php\/wp-json\/wp\/v2\/product\/4432","targetHints":{"allow":["GET"]}}],"collection":[{"href":"https:\/\/www.atikotomotiv.com.tr\/index.php\/wp-json\/wp\/v2\/product"}],"about":[{"href":"https:\/\/www.atikotomotiv.com.tr\/index.php\/wp-json\/wp\/v2\/types\/product"}],"replies":[{"embeddable":true,"href":"https:\/\/www.atikotomotiv.com.tr\/index.php\/wp-json\/wp\/v2\/comments?post=4432"}],"version-history":[{"count":2,"href":"https:\/\/www.atikotomotiv.com.tr\/index.php\/wp-json\/wp\/v2\/product\/4432\/revisions"}],"predecessor-version":[{"id":4861,"href":"https:\/\/www.atikotomotiv.com.tr\/index.php\/wp-json\/wp\/v2\/product\/4432\/revisions\/4861"}],"wp:featuredmedia":[{"embeddable":true,"href":"https:\/\/www.atikotomotiv.com.tr\/index.php\/wp-json\/wp\/v2\/media\/5898"}],"wp:attachment":[{"href":"https:\/\/www.atikotomotiv.com.tr\/index.php\/wp-json\/wp\/v2\/media?parent=4432"}],"wp:term":[{"taxonomy":"product_brand","embeddable":true,"href":"https:\/\/www.atikotomotiv.com.tr\/index.php\/wp-json\/wp\/v2\/product_brand?post=4432"},{"taxonomy":"product_cat","embeddable":true,"href":"https:\/\/www.atikotomotiv.com.tr\/index.php\/wp-json\/wp\/v2\/product_cat?post=4432"},{"taxonomy":"product_tag","embeddable":true,"href":"https:\/\/www.atikotomotiv.com.tr\/index.php\/wp-json\/wp\/v2\/product_tag?post=4432"}],"curies":[{"name":"wp","href":"https:\/\/api.w.org\/{rel}","templated":true}]}}